{"id":2221,"date":"2024-09-24T22:36:07","date_gmt":"2024-09-24T22:36:07","guid":{"rendered":"http:\/\/apescolasdobonfim.pt\/?page_id=2221"},"modified":"2025-09-08T13:22:08","modified_gmt":"2025-09-08T13:22:08","slug":"home","status":"publish","type":"page","link":"https:\/\/apescolasdobonfim.pt\/","title":{"rendered":"In\u00edcio"},"content":{"rendered":"\t\t<div data-elementor-type=\"wp-page\" data-elementor-id=\"2221\" class=\"elementor elementor-2221\">\n\t\t\t\t<div class=\"elementor-element elementor-element-0c5a42d e-flex e-con-boxed e-con e-parent\" data-id=\"0c5a42d\" data-element_type=\"container\">\n\t\t\t\t\t<div class=\"e-con-inner\">\n\t\t\t\t<div class=\"elementor-element elementor-element-ef26c2d elementor-arrows-position-inside elementor-pagination-position-outside elementor-widget elementor-widget-image-carousel\" data-id=\"ef26c2d\" data-element_type=\"widget\" data-settings=\"{&quot;slides_to_show&quot;:&quot;1&quot;,&quot;navigation&quot;:&quot;both&quot;,&quot;autoplay&quot;:&quot;yes&quot;,&quot;pause_on_hover&quot;:&quot;yes&quot;,&quot;pause_on_interaction&quot;:&quot;yes&quot;,&quot;autoplay_speed&quot;:5000,&quot;infinite&quot;:&quot;yes&quot;,&quot;effect&quot;:&quot;slide&quot;,&quot;speed&quot;:500}\" data-widget_type=\"image-carousel.default\">\n\t\t\t\t<div class=\"elementor-widget-container\">\n\t\t\t\t\t\t\t<div class=\"elementor-image-carousel-wrapper swiper\" role=\"region\" aria-roledescription=\"carousel\" aria-label=\"Carrossel de imagens\" dir=\"ltr\">\n\t\t\t<div class=\"elementor-image-carousel swiper-wrapper\" aria-live=\"off\">\n\t\t\t\t\t\t\t\t<div class=\"swiper-slide\" role=\"group\" aria-roledescription=\"slide\" aria-label=\"1 of 1\"><figure class=\"swiper-slide-inner\"><img decoding=\"async\" class=\"swiper-slide-image\" src=\"https:\/\/apescolasdobonfim.pt\/wp-content\/uploads\/2024\/09\/demo_banner.jpg\" alt=\"apostolas\" \/><\/figure><\/div>\t\t\t<\/div>\n\t\t\t\t\t<\/div>\n\t\t\t\t\t\t<\/div>\n\t\t\t\t<\/div>\n\t\t\t\t\t<\/div>\n\t\t\t\t<\/div>\n\t\t<div class=\"elementor-element elementor-element-b044240 e-flex e-con-boxed e-con e-parent\" data-id=\"b044240\" data-element_type=\"container\">\n\t\t\t\t\t<div class=\"e-con-inner\">\n\t\t\t\t<div class=\"elementor-element elementor-element-265642e elementor-widget elementor-widget-text-editor\" data-id=\"265642e\" data-element_type=\"widget\" data-widget_type=\"text-editor.default\">\n\t\t\t\t<div class=\"elementor-widget-container\">\n\t\t\t\t\t\t\t\t\t<p>Bem vindo ao novo site da Associa\u00e7\u00e3o de Pais e Encarregados de Educa\u00e7\u00e3o do Agrupamento de Escolas do Bonfim (Portalegre)!<\/p><p>Relembramos que as associa\u00e7\u00f5es de pais visam a defesa e a promo\u00e7\u00e3o dos interesses dos seus associados em tudo quanto respeita \u00e0 educa\u00e7\u00e3o e ensino dos seus filhos e educandos que sejam alunos da educa\u00e7\u00e3o pr\u00e9-escolar ou dos ensinos b\u00e1sico ou secund\u00e1rio, p\u00fablico, particular ou cooperativo.<\/p><p>Se \u00e9 m\u00e3e, pai ou encarregado de educa\u00e7\u00e3o no Agrupamento de Escolas do Bonfim, fa\u00e7a parte desta equipa. Fa\u00e7a aqui a sua <a href=\"https:\/\/v5.quotagest.pt\/app\/db\/inscricao\/858398547ab311ef\">Inscri\u00e7\u00e3o<\/a> de S\u00f3cio e participe.<\/p><p>Se j\u00e1 \u00e9 s\u00f3cio, e n\u00e3o se lembre do seu n\u00famero de s\u00f3cio, poder\u00e1 consultar essa informa\u00e7\u00e3o no nosso <a href=\"https:\/\/v5.quotagest.pt\/app\/db\/gateway\/socios\/5471f3a1-2268-11ef-aa5d-101f742c7e68\">Portal de Consulta<\/a><\/p><p>Poder\u00e1 tamb\u00e9m aceder \u00e0 sua \u00e1rea reservada no <a href=\"https:\/\/v5.quotagest.pt\/portal\/db\/login\">Portal de S\u00f3cio<\/a>.<br \/>\u00a0<\/p>\t\t\t\t\t\t\t\t<\/div>\n\t\t\t\t<\/div>\n\t\t\t\t\t<\/div>\n\t\t\t\t<\/div>\n\t\t<div class=\"elementor-element elementor-element-476904c e-flex e-con-boxed e-con e-parent\" data-id=\"476904c\" data-element_type=\"container\">\n\t\t\t\t\t<div class=\"e-con-inner\">\n\t\t\t\t<div class=\"elementor-element elementor-element-a7e312c elementor-position-left elementor-vertical-align-top elementor-widget elementor-widget-image-box\" data-id=\"a7e312c\" data-element_type=\"widget\" data-widget_type=\"image-box.default\">\n\t\t\t\t<div class=\"elementor-widget-container\">\n\t\t\t\t\t<div class=\"elementor-image-box-wrapper\"><figure class=\"elementor-image-box-img\"><a href=\"https:\/\/apescolasdobonfim.pt\/?p=2299\" tabindex=\"-1\"><img fetchpriority=\"high\" decoding=\"async\" width=\"921\" height=\"614\" src=\"https:\/\/apescolasdobonfim.pt\/wp-content\/uploads\/2025\/09\/Imageminscricoes.png\" class=\"attachment-full size-full wp-image-2300\" alt=\"Inscri\u00e7\u00f5es Atividades 2025\/2026\" srcset=\"https:\/\/apescolasdobonfim.pt\/wp-content\/uploads\/2025\/09\/Imageminscricoes.png 921w, https:\/\/apescolasdobonfim.pt\/wp-content\/uploads\/2025\/09\/Imageminscricoes-300x200.png 300w, https:\/\/apescolasdobonfim.pt\/wp-content\/uploads\/2025\/09\/Imageminscricoes-768x512.png 768w\" sizes=\"(max-width: 921px) 100vw, 921px\" \/><\/a><\/figure><div class=\"elementor-image-box-content\"><h3 class=\"elementor-image-box-title\"><a href=\"https:\/\/apescolasdobonfim.pt\/?p=2299\">AAAF 2025\/2026 - Inscri\u00e7\u00f5es Dispon\u00edveis<\/a><\/h3><p class=\"elementor-image-box-description\">Est\u00e3o abertas as inscri\u00e7\u00f5es nas Atividades de Anima\u00e7\u00e3o e de Apoio \u00e0 Fam\u00edlia nos Jardins de Inf\u00e2ncia das escolas do Agrupamento do Bonfim no Ano Letivo 2025\/2026.\n\nUtilize o formul\u00e1rio que disponibilizamos, e que tem como finalidade a inscri\u00e7\u00e3o do(a) seu(sua) educando(a) nas Atividades de Anima\u00e7\u00e3o e de Apoio \u00e0 Fam\u00edlia, que ir\u00e3o decorrer nos Jardins de Inf\u00e2ncia do Agrupamento de Escolas do Bonfim:\n\nJI da Corredora;\nJI dos Fortios;\nJI da Praceta;\nJI da Vargem;\n\n<\/p><\/div><\/div>\t\t\t\t<\/div>\n\t\t\t\t<\/div>\n\t\t\t\t\t<\/div>\n\t\t\t\t<\/div>\n\t\t<div class=\"elementor-element elementor-element-3719b5b e-flex e-con-boxed e-con e-parent\" data-id=\"3719b5b\" data-element_type=\"container\">\n\t\t\t\t\t<div class=\"e-con-inner\">\n\t\t\t\t<div class=\"elementor-element elementor-element-42d3cf4 elementor-position-left elementor-vertical-align-top elementor-widget elementor-widget-image-box\" data-id=\"42d3cf4\" data-element_type=\"widget\" data-widget_type=\"image-box.default\">\n\t\t\t\t<div class=\"elementor-widget-container\">\n\t\t\t\t\t<div class=\"elementor-image-box-wrapper\"><figure class=\"elementor-image-box-img\"><a href=\"https:\/\/apescolasdobonfim.pt\/?p=2291\" tabindex=\"-1\"><img decoding=\"async\" width=\"921\" height=\"614\" src=\"https:\/\/apescolasdobonfim.pt\/wp-content\/uploads\/2025\/09\/ImagemDestaque.png\" class=\"attachment-full size-full wp-image-2297\" alt=\"Calend\u00e1rio 2025\/2026\" srcset=\"https:\/\/apescolasdobonfim.pt\/wp-content\/uploads\/2025\/09\/ImagemDestaque.png 921w, https:\/\/apescolasdobonfim.pt\/wp-content\/uploads\/2025\/09\/ImagemDestaque-300x200.png 300w\" sizes=\"(max-width: 921px) 100vw, 921px\" \/><\/a><\/figure><div class=\"elementor-image-box-content\"><h3 class=\"elementor-image-box-title\"><a href=\"https:\/\/apescolasdobonfim.pt\/?p=2291\">AAAF - Hor\u00e1rios 2025\/2026 (Provis\u00f3rios)<\/a><\/h3><p class=\"elementor-image-box-description\">Est\u00e3o dispon\u00edveis os hor\u00e1rios provis\u00f3rios das Atividades de Anima\u00e7\u00e3o e de Apoio \u00e0 Fam\u00edlia nos Jardins de Inf\u00e2ncia das escolas do Agrupamento do Bonfim no Ano Letivo 2025\/2026.\n\nAs atividades t\u00eam in\u00edcio a 29 de Setembro de 2025,  e o calend\u00e1rio poder\u00e1 sofrer altera\u00e7\u00f5es, de acordo com o n\u00famero de inscri\u00e7\u00f5es.\n\nCada atividade funcionar\u00e1 com um m\u00ednimo de 10 inscri\u00e7\u00f5es.\n<\/p><\/div><\/div>\t\t\t\t<\/div>\n\t\t\t\t<\/div>\n\t\t\t\t\t<\/div>\n\t\t\t\t<\/div>\n\t\t<div class=\"elementor-element elementor-element-98dbdb3 e-flex e-con-boxed e-con e-parent\" data-id=\"98dbdb3\" data-element_type=\"container\">\n\t\t\t\t\t<div class=\"e-con-inner\">\n\t\t\t\t<div class=\"elementor-element elementor-element-af6742e elementor-position-left elementor-vertical-align-top elementor-widget elementor-widget-image-box\" data-id=\"af6742e\" data-element_type=\"widget\" data-widget_type=\"image-box.default\">\n\t\t\t\t<div class=\"elementor-widget-container\">\n\t\t\t\t\t<div class=\"elementor-image-box-wrapper\"><figure class=\"elementor-image-box-img\"><a href=\"https:\/\/apescolasdobonfim.pt\/?p=2272\" tabindex=\"-1\"><img decoding=\"async\" width=\"300\" height=\"225\" src=\"https:\/\/apescolasdobonfim.pt\/wp-content\/uploads\/2024\/09\/noticiasm4428.jpg\" class=\"attachment-full size-full wp-image-2285\" alt=\"\" \/><\/a><\/figure><div class=\"elementor-image-box-content\"><h3 class=\"elementor-image-box-title\"><a href=\"https:\/\/apescolasdobonfim.pt\/?p=2272\">Convocat\u00f3ria Assembleia Geral (2\/10\/2024)<\/a><\/h3><p class=\"elementor-image-box-description\">Nos termos da al\u00ednea 1 do artigo 13\u00ba, Sec\u00e7\u00e3o II, Cap\u00edtulo III dos Estatutos da Associa\u00e7\u00e3o de Pais e Encarregados de Educa\u00e7\u00e3o do Agrupamento de Escolas do Bonfim em Portalegre, convoco todos os associados para uma Assembleia Geral Ordin\u00e1ria, a realizar no pr\u00f3ximo dia 2 de outubro de 2024 pelas 18:00, na Escola Secund\u00e1ria com 3\u00ba Ciclo do Ensino B\u00e1sico Mouzinho da Silveira<\/p><\/div><\/div>\t\t\t\t<\/div>\n\t\t\t\t<\/div>\n\t\t\t\t\t<\/div>\n\t\t\t\t<\/div>\n\t\t<div class=\"elementor-element elementor-element-8f61261 e-flex e-con-boxed e-con e-parent\" data-id=\"8f61261\" data-element_type=\"container\">\n\t\t\t\t\t<div class=\"e-con-inner\">\n\t\t\t\t<div class=\"elementor-element elementor-element-5828386 elementor-widget elementor-widget-wp-widget-recent-posts\" data-id=\"5828386\" data-element_type=\"widget\" data-widget_type=\"wp-widget-recent-posts.default\">\n\t\t\t\t<div class=\"elementor-widget-container\">\n\t\t\t\t\t\n\t\t\n\t\t<h5>\u00daltimas:<\/h5>\n\t\t<ul>\n\t\t\t\t\t\t\t\t\t\t\t<li>\n\t\t\t\t\t<a href=\"https:\/\/apescolasdobonfim.pt\/?p=2299\">Atividades de Anima\u00e7\u00e3o e Apoio \u00e0 Fam\u00edlia 25\/26<\/a>\n\t\t\t\t\t\t\t\t\t\t\t<span class=\"post-date\">Setembro 8, 2025<\/span>\n\t\t\t\t\t\t\t\t\t<\/li>\n\t\t\t\t\t\t\t\t\t\t\t<li>\n\t\t\t\t\t<a href=\"https:\/\/apescolasdobonfim.pt\/?p=2291\">AAAF &#8211; Hor\u00e1rios 2025\/2026<\/a>\n\t\t\t\t\t\t\t\t\t\t\t<span class=\"post-date\">Setembro 8, 2025<\/span>\n\t\t\t\t\t\t\t\t\t<\/li>\n\t\t\t\t\t\t\t\t\t\t\t<li>\n\t\t\t\t\t<a href=\"https:\/\/apescolasdobonfim.pt\/?p=2254\">Atividades de Anima\u00e7\u00e3o e Apoio \u00e0 Fam\u00edlia 24\/25<\/a>\n\t\t\t\t\t\t\t\t\t\t\t<span class=\"post-date\">Setembro 24, 2024<\/span>\n\t\t\t\t\t\t\t\t\t<\/li>\n\t\t\t\t\t\t\t\t\t\t\t<li>\n\t\t\t\t\t<a href=\"https:\/\/apescolasdobonfim.pt\/?p=2260\">AAAF &#8211; Hor\u00e1rios 2024\/2025<\/a>\n\t\t\t\t\t\t\t\t\t\t\t<span class=\"post-date\">Setembro 23, 2024<\/span>\n\t\t\t\t\t\t\t\t\t<\/li>\n\t\t\t\t\t\t\t\t\t\t\t<li>\n\t\t\t\t\t<a href=\"https:\/\/apescolasdobonfim.pt\/?p=2272\">Assembleia Geral Ordin\u00e1ria &#8211; 2\/10\/2024<\/a>\n\t\t\t\t\t\t\t\t\t\t\t<span class=\"post-date\">Setembro 18, 2024<\/span>\n\t\t\t\t\t\t\t\t\t<\/li>\n\t\t\t\t\t<\/ul>\n\n\t\t\t\t\t\t<\/div>\n\t\t\t\t<\/div>\n\t\t\t\t\t<\/div>\n\t\t\t\t<\/div>\n\t\t\t\t<\/div>\n\t\t","protected":false},"excerpt":{"rendered":"<p>Bem vindo ao novo site da Associa\u00e7\u00e3o de Pais e Encarregados de Educa\u00e7\u00e3o do Agrupamento de Escolas do Bonfim (Portalegre)! Relembramos que as associa\u00e7\u00f5es de pais visam a defesa e &#8230;<\/p>\n","protected":false},"author":1,"featured_media":0,"parent":0,"menu_order":0,"comment_status":"closed","ping_status":"closed","template":"elementor_theme","meta":{"footnotes":""},"class_list":["post-2221","page","type-page","status-publish","hentry"],"_links":{"self":[{"href":"https:\/\/apescolasdobonfim.pt\/index.php?rest_route=\/wp\/v2\/pages\/2221","targetHints":{"allow":["GET"]}}],"collection":[{"href":"https:\/\/apescolasdobonfim.pt\/index.php?rest_route=\/wp\/v2\/pages"}],"about":[{"href":"https:\/\/apescolasdobonfim.pt\/index.php?rest_route=\/wp\/v2\/types\/page"}],"author":[{"embeddable":true,"href":"https:\/\/apescolasdobonfim.pt\/index.php?rest_route=\/wp\/v2\/users\/1"}],"replies":[{"embeddable":true,"href":"https:\/\/apescolasdobonfim.pt\/index.php?rest_route=%2Fwp%2Fv2%2Fcomments&post=2221"}],"version-history":[{"count":26,"href":"https:\/\/apescolasdobonfim.pt\/index.php?rest_route=\/wp\/v2\/pages\/2221\/revisions"}],"predecessor-version":[{"id":2316,"href":"https:\/\/apescolasdobonfim.pt\/index.php?rest_route=\/wp\/v2\/pages\/2221\/revisions\/2316"}],"wp:attachment":[{"href":"https:\/\/apescolasdobonfim.pt\/index.php?rest_route=%2Fwp%2Fv2%2Fmedia&parent=2221"}],"curies":[{"name":"wp","href":"https:\/\/api.w.org\/{rel}","templated":true}]}}